{"id":568,"date":"2022-06-19T17:02:10","date_gmt":"2022-06-19T20:02:10","guid":{"rendered":"https:\/\/skytour.com.ar\/forma\/"},"modified":"2026-01-21T13:23:31","modified_gmt":"2026-01-21T16:23:31","slug":"forma","status":"publish","type":"page","link":"https:\/\/skytour.com.ar\/pt-br\/forma\/","title":{"rendered":"Forma"},"content":{"rendered":"\t\t<div data-elementor-type=\"wp-page\" data-elementor-id=\"568\" class=\"elementor elementor-568 elementor-394\" data-elementor-post-type=\"page\">\n\t\t\t\t\t\t<section class=\"elementor-section elementor-top-section elementor-element elementor-element-3d006b9f elementor-section-full_width elementor-section-height-default elementor-section-height-default\" data-id=\"3d006b9f\" data-element_type=\"section\" data-e-type=\"section\">\n\t\t\t\t\t\t<div class=\"elementor-container elementor-column-gap-default\">\n\t\t\t\t\t<div class=\"elementor-column elementor-col-100 elementor-top-column elementor-element elementor-element-4699f24b\" data-id=\"4699f24b\" data-element_type=\"column\" data-e-type=\"column\">\n\t\t\t<div class=\"elementor-widget-wrap elementor-element-populated\">\n\t\t\t\t\t\t<div class=\"elementor-element elementor-element-4b20afe2 elementor--h-position-left elementor--v-position-middle elementor-widget elementor-widget-slides\" data-id=\"4b20afe2\" data-element_type=\"widget\" data-e-type=\"widget\" data-settings=\"{&quot;navigation&quot;:&quot;none&quot;,&quot;autoplay&quot;:&quot;yes&quot;,&quot;pause_on_hover&quot;:&quot;yes&quot;,&quot;pause_on_interaction&quot;:&quot;yes&quot;,&quot;autoplay_speed&quot;:5000,&quot;infinite&quot;:&quot;yes&quot;,&quot;transition&quot;:&quot;slide&quot;,&quot;transition_speed&quot;:500}\" data-widget_type=\"slides.default\">\n\t\t\t\t<div class=\"elementor-widget-container\">\n\t\t\t\t\t\t\t\t\t<div class=\"elementor-swiper\">\n\t\t\t\t\t<div class=\"elementor-slides-wrapper elementor-main-swiper swiper\" role=\"region\" aria-roledescription=\"carousel\" aria-label=\"Slides\" dir=\"ltr\" data-animation=\"fadeInUp\">\n\t\t\t\t<div class=\"swiper-wrapper elementor-slides\">\n\t\t\t\t\t\t\t\t\t\t<div class=\"elementor-repeater-item-e44c45e swiper-slide\" role=\"group\" aria-roledescription=\"slide\"><div class=\"swiper-slide-bg elementor-ken-burns elementor-ken-burns--in\" role=\"img\" aria-label=\"DCIM106GOPROG5121716.\"><\/div><div class=\"elementor-background-overlay\"><\/div><div class=\"swiper-slide-inner\" ><div class=\"swiper-slide-contents\"><div class=\"elementor-slide-heading\">EVENTOS CORPORATIVOS<\/div><\/div><\/div><\/div>\t\t\t\t<\/div>\n\t\t\t\t\t\t\t<\/div>\n\t\t\t\t<\/div>\n\t\t\t\t\t\t\t\t<\/div>\n\t\t\t\t<\/div>\n\t\t\t\t\t<\/div>\n\t\t<\/div>\n\t\t\t\t\t<\/div>\n\t\t<\/section>\n\t\t\t\t<section class=\"elementor-section elementor-top-section elementor-element elementor-element-51b504d elementor-section-height-min-height elementor-section-boxed elementor-section-height-default elementor-section-items-middle\" data-id=\"51b504d\" data-element_type=\"section\" data-e-type=\"section\">\n\t\t\t\t\t\t<div class=\"elementor-container elementor-column-gap-default\">\n\t\t\t\t\t<div class=\"elementor-column elementor-col-100 elementor-top-column elementor-element elementor-element-811ee4a\" data-id=\"811ee4a\" data-element_type=\"column\" data-e-type=\"column\">\n\t\t\t<div class=\"elementor-widget-wrap elementor-element-populated\">\n\t\t\t\t\t\t<div class=\"elementor-element elementor-element-b0555b6 elementor-widget elementor-widget-heading\" data-id=\"b0555b6\" data-element_type=\"widget\" data-e-type=\"widget\" data-widget_type=\"heading.default\">\n\t\t\t\t<div class=\"elementor-widget-container\">\n\t\t\t\t\t<h2 class=\"elementor-heading-title elementor-size-default\">Preencha o formul\u00e1rio e entraremos em contato para mais informa\u00e7\u00f5es<\/h2>\t\t\t\t<\/div>\n\t\t\t\t<\/div>\n\t\t\t\t<div class=\"elementor-element elementor-element-0bf3070 elementor-button-align-stretch elementor-widget elementor-widget-form\" data-id=\"0bf3070\" data-element_type=\"widget\" data-e-type=\"widget\" data-settings=\"{&quot;step_next_label&quot;:&quot;Seguindo&quot;,&quot;step_previous_label&quot;:&quot;Anterior&quot;,&quot;button_width&quot;:&quot;100&quot;,&quot;step_type&quot;:&quot;number_text&quot;,&quot;step_icon_shape&quot;:&quot;circle&quot;}\" data-widget_type=\"form.default\">\n\t\t\t\t<div class=\"elementor-widget-container\">\n\t\t\t\t\t\t\t<form class=\"elementor-form\" method=\"post\" name=\"Nova forma\" aria-label=\"Nova forma\">\n\t\t\t<input type=\"hidden\" name=\"post_id\" value=\"568\"\/>\n\t\t\t<input type=\"hidden\" name=\"form_id\" value=\"0bf3070\"\/>\n\t\t\t<input type=\"hidden\" name=\"referer_title\" value=\"Forma - Sky Tour - Parapente\" \/>\n\n\t\t\t\t\t\t\t<input type=\"hidden\" name=\"queried_id\" value=\"568\"\/>\n\t\t\t\n\t\t\t<div class=\"elementor-form-fields-wrapper elementor-labels-\">\n\t\t\t\t\t\t\t\t<div class=\"elementor-field-type-text elementor-field-group elementor-column elementor-field-group-field_d1c29c3 elementor-col-100\">\n\t\t\t\t\t\t\t\t\t\t\t\t<label for=\"form-field-field_d1c29c3\" class=\"elementor-field-label elementor-screen-only\">\n\t\t\t\t\t\t\t\tO neg\u00f3cio\t\t\t\t\t\t\t<\/label>\n\t\t\t\t\t\t\t\t\t\t\t\t\t\t<input size=\"1\" type=\"text\" name=\"form_fields[field_d1c29c3]\" id=\"form-field-field_d1c29c3\" class=\"elementor-field elementor-size-sm  elementor-field-textual\" placeholder=\"O neg\u00f3cio\">\n\t\t\t\t\t\t\t\t\t\t\t<\/div>\n\t\t\t\t\t\t\t\t<div class=\"elementor-field-type-text elementor-field-group elementor-column elementor-field-group-name elementor-col-50 elementor-field-required\">\n\t\t\t\t\t\t\t\t\t\t\t\t<label for=\"form-field-name\" class=\"elementor-field-label elementor-screen-only\">\n\t\t\t\t\t\t\t\tNome\t\t\t\t\t\t\t<\/label>\n\t\t\t\t\t\t\t\t\t\t\t\t\t\t<input size=\"1\" type=\"text\" name=\"form_fields[name]\" id=\"form-field-name\" class=\"elementor-field elementor-size-sm  elementor-field-textual\" placeholder=\"Nome\" required=\"required\">\n\t\t\t\t\t\t\t\t\t\t\t<\/div>\n\t\t\t\t\t\t\t\t<div class=\"elementor-field-type-text elementor-field-group elementor-column elementor-field-group-field_54dd08b elementor-col-50 elementor-field-required\">\n\t\t\t\t\t\t\t\t\t\t\t\t<label for=\"form-field-field_54dd08b\" class=\"elementor-field-label elementor-screen-only\">\n\t\t\t\t\t\t\t\tSobrenome\t\t\t\t\t\t\t<\/label>\n\t\t\t\t\t\t\t\t\t\t\t\t\t\t<input size=\"1\" type=\"text\" name=\"form_fields[field_54dd08b]\" id=\"form-field-field_54dd08b\" class=\"elementor-field elementor-size-sm  elementor-field-textual\" placeholder=\"Sobrenome\" required=\"required\">\n\t\t\t\t\t\t\t\t\t\t\t<\/div>\n\t\t\t\t\t\t\t\t<div class=\"elementor-field-type-email elementor-field-group elementor-column elementor-field-group-email elementor-col-100 elementor-field-required\">\n\t\t\t\t\t\t\t\t\t\t\t\t<label for=\"form-field-email\" class=\"elementor-field-label elementor-screen-only\">\n\t\t\t\t\t\t\t\tCorreio eletr\u00f4nico\t\t\t\t\t\t\t<\/label>\n\t\t\t\t\t\t\t\t\t\t\t\t\t\t<input size=\"1\" type=\"email\" name=\"form_fields[email]\" id=\"form-field-email\" class=\"elementor-field elementor-size-sm  elementor-field-textual\" placeholder=\"Correio eletr\u00f4nico\" required=\"required\">\n\t\t\t\t\t\t\t\t\t\t\t<\/div>\n\t\t\t\t\t\t\t\t<div class=\"elementor-field-type-tel elementor-field-group elementor-column elementor-field-group-field_0f5b1d1 elementor-col-100\">\n\t\t\t\t\t\t\t\t\t\t\t\t<label for=\"form-field-field_0f5b1d1\" class=\"elementor-field-label elementor-screen-only\">\n\t\t\t\t\t\t\t\tWhatsapp\t\t\t\t\t\t\t<\/label>\n\t\t\t\t\t\t\t\t<input size=\"1\" type=\"tel\" name=\"form_fields[field_0f5b1d1]\" id=\"form-field-field_0f5b1d1\" class=\"elementor-field elementor-size-sm  elementor-field-textual\" placeholder=\"Whatsapp\" pattern=\"[0-9()#&amp;+*-=.]+\" title=\"Apenas n\u00fameros e caracteres de telefone (#, -, *, etc.) s\u00e3o aceitos.\">\n\n\t\t\t\t\t\t<\/div>\n\t\t\t\t\t\t\t\t<div class=\"elementor-field-type-textarea elementor-field-group elementor-column elementor-field-group-message elementor-col-100\">\n\t\t\t\t\t\t\t\t\t\t\t\t<label for=\"form-field-message\" class=\"elementor-field-label elementor-screen-only\">\n\t\t\t\t\t\t\t\tMensagem\t\t\t\t\t\t\t<\/label>\n\t\t\t\t\t\t<textarea class=\"elementor-field-textual elementor-field  elementor-size-sm\" name=\"form_fields[message]\" id=\"form-field-message\" rows=\"4\" placeholder=\"Mensagem\"><\/textarea>\t\t\t\t<\/div>\n\t\t\t\t\t\t\t\t<div class=\"elementor-field-group elementor-column elementor-field-type-submit elementor-col-100 e-form__buttons\">\n\t\t\t\t\t<button class=\"elementor-button elementor-size-sm\" type=\"submit\">\n\t\t\t\t\t\t<span class=\"elementor-button-content-wrapper\">\n\t\t\t\t\t\t\t\t\t\t\t\t\t\t\t\t\t\t\t\t\t\t<span class=\"elementor-button-text\">Mandar<\/span>\n\t\t\t\t\t\t\t\t\t\t\t\t\t<\/span>\n\t\t\t\t\t<\/button>\n\t\t\t\t<\/div>\n\t\t\t<\/div>\n\t\t<\/form>\n\t\t\t\t\t\t<\/div>\n\t\t\t\t<\/div>\n\t\t\t\t\t<\/div>\n\t\t<\/div>\n\t\t\t\t\t<\/div>\n\t\t<\/section>\n\t\t\t\t<\/div>\n\t\t","protected":false},"excerpt":{"rendered":"<p>EVENTOS CORPORATIVOS Preencha o formul\u00e1rio e entraremos em contato para mais informa\u00e7\u00f5es<\/p>\n","protected":false},"author":1,"featured_media":0,"parent":0,"menu_order":0,"comment_status":"closed","ping_status":"closed","template":"","meta":{"_joinchat":[],"footnotes":""},"class_list":["post-568","page","type-page","status-publish","hentry"],"yoast_head":"<!-- This site is optimized with the Yoast SEO Premium plugin v18.5 (Yoast SEO v27.3) - https:\/\/yoast.com\/product\/yoast-seo-premium-wordpress\/ -->\n<title>Forma - Sky Tour - Parapente<\/title>\n<meta name=\"description\" content=\"Parapente en Mendoza\" \/>\n<meta name=\"robots\" content=\"index, follow, max-snippet:-1, max-image-preview:large, max-video-preview:-1\" \/>\n<link rel=\"canonical\" href=\"https:\/\/skytour.com.ar\/pt-br\/forma\/\" \/>\n<meta property=\"og:locale\" content=\"pt_BR\" \/>\n<meta property=\"og:type\" content=\"article\" \/>\n<meta property=\"og:title\" content=\"Forma\" \/>\n<meta property=\"og:description\" content=\"Parapente en Mendoza\" \/>\n<meta property=\"og:url\" content=\"https:\/\/skytour.com.ar\/pt-br\/forma\/\" \/>\n<meta property=\"og:site_name\" content=\"Sky Tour - Parapente\" \/>\n<meta property=\"article:publisher\" content=\"https:\/\/www.facebook.com\/skytour.com.ar\" \/>\n<meta property=\"article:modified_time\" content=\"2026-01-21T16:23:31+00:00\" \/>\n<meta property=\"og:image\" content=\"https:\/\/skytour.com.ar\/wp-content\/uploads\/2022\/06\/FC-1.jpg\" \/>\n\t<meta property=\"og:image:width\" content=\"1389\" \/>\n\t<meta property=\"og:image:height\" content=\"1389\" \/>\n\t<meta property=\"og:image:type\" content=\"image\/jpeg\" \/>\n<meta name=\"twitter:card\" content=\"summary_large_image\" \/>\n<script type=\"application\/ld+json\" class=\"yoast-schema-graph\">{\"@context\":\"https:\\\/\\\/schema.org\",\"@graph\":[{\"@type\":\"WebPage\",\"@id\":\"https:\\\/\\\/skytour.com.ar\\\/pt-br\\\/forma\\\/\",\"url\":\"https:\\\/\\\/skytour.com.ar\\\/pt-br\\\/forma\\\/\",\"name\":\"Forma - Sky Tour - Parapente\",\"isPartOf\":{\"@id\":\"https:\\\/\\\/skytour.com.ar\\\/pt-br\\\/#website\"},\"datePublished\":\"2022-06-19T20:02:10+00:00\",\"dateModified\":\"2026-01-21T16:23:31+00:00\",\"description\":\"Parapente en Mendoza\",\"breadcrumb\":{\"@id\":\"https:\\\/\\\/skytour.com.ar\\\/pt-br\\\/forma\\\/#breadcrumb\"},\"inLanguage\":\"pt-BR\",\"potentialAction\":[{\"@type\":\"ReadAction\",\"target\":[\"https:\\\/\\\/skytour.com.ar\\\/pt-br\\\/forma\\\/\"]}]},{\"@type\":\"BreadcrumbList\",\"@id\":\"https:\\\/\\\/skytour.com.ar\\\/pt-br\\\/forma\\\/#breadcrumb\",\"itemListElement\":[{\"@type\":\"ListItem\",\"position\":1,\"name\":\"Home\",\"item\":\"https:\\\/\\\/skytour.com.ar\\\/pt-br\\\/casa\\\/\"},{\"@type\":\"ListItem\",\"position\":2,\"name\":\"Forma\"}]},{\"@type\":\"WebSite\",\"@id\":\"https:\\\/\\\/skytour.com.ar\\\/pt-br\\\/#website\",\"url\":\"https:\\\/\\\/skytour.com.ar\\\/pt-br\\\/\",\"name\":\"Sky Tour - Parapente\",\"description\":\"Parapente em Mendoza\",\"publisher\":{\"@id\":\"https:\\\/\\\/skytour.com.ar\\\/pt-br\\\/#organization\"},\"potentialAction\":[{\"@type\":\"SearchAction\",\"target\":{\"@type\":\"EntryPoint\",\"urlTemplate\":\"https:\\\/\\\/skytour.com.ar\\\/pt-br\\\/?s={search_term_string}\"},\"query-input\":{\"@type\":\"PropertyValueSpecification\",\"valueRequired\":true,\"valueName\":\"search_term_string\"}}],\"inLanguage\":\"pt-BR\"},{\"@type\":\"Organization\",\"@id\":\"https:\\\/\\\/skytour.com.ar\\\/pt-br\\\/#organization\",\"name\":\"Sky Tour - Parapente Mendoza\",\"url\":\"https:\\\/\\\/skytour.com.ar\\\/pt-br\\\/\",\"logo\":{\"@type\":\"ImageObject\",\"inLanguage\":\"pt-BR\",\"@id\":\"https:\\\/\\\/skytour.com.ar\\\/pt-br\\\/#\\\/schema\\\/logo\\\/image\\\/\",\"url\":\"https:\\\/\\\/skytour.com.ar\\\/wp-content\\\/uploads\\\/2022\\\/06\\\/FC-1.jpg\",\"contentUrl\":\"https:\\\/\\\/skytour.com.ar\\\/wp-content\\\/uploads\\\/2022\\\/06\\\/FC-1.jpg\",\"width\":1389,\"height\":1389,\"caption\":\"Sky Tour - Parapente Mendoza\"},\"image\":{\"@id\":\"https:\\\/\\\/skytour.com.ar\\\/pt-br\\\/#\\\/schema\\\/logo\\\/image\\\/\"},\"sameAs\":[\"https:\\\/\\\/www.facebook.com\\\/skytour.com.ar\",\"https:\\\/\\\/www.instagram.com\\\/skytour_parapente_mendoza\\\/\"]}]}<\/script>\n<!-- \/ Yoast SEO Premium plugin. -->","yoast_head_json":{"title":"Forma - Sky Tour - Parapente","description":"Parapente en Mendoza","robots":{"index":"index","follow":"follow","max-snippet":"max-snippet:-1","max-image-preview":"max-image-preview:large","max-video-preview":"max-video-preview:-1"},"canonical":"https:\/\/skytour.com.ar\/pt-br\/forma\/","og_locale":"pt_BR","og_type":"article","og_title":"Forma","og_description":"Parapente en Mendoza","og_url":"https:\/\/skytour.com.ar\/pt-br\/forma\/","og_site_name":"Sky Tour - Parapente","article_publisher":"https:\/\/www.facebook.com\/skytour.com.ar","article_modified_time":"2026-01-21T16:23:31+00:00","og_image":[{"width":1389,"height":1389,"url":"https:\/\/skytour.com.ar\/wp-content\/uploads\/2022\/06\/FC-1.jpg","type":"image\/jpeg"}],"twitter_card":"summary_large_image","schema":{"@context":"https:\/\/schema.org","@graph":[{"@type":"WebPage","@id":"https:\/\/skytour.com.ar\/pt-br\/forma\/","url":"https:\/\/skytour.com.ar\/pt-br\/forma\/","name":"Forma - Sky Tour - Parapente","isPartOf":{"@id":"https:\/\/skytour.com.ar\/pt-br\/#website"},"datePublished":"2022-06-19T20:02:10+00:00","dateModified":"2026-01-21T16:23:31+00:00","description":"Parapente en Mendoza","breadcrumb":{"@id":"https:\/\/skytour.com.ar\/pt-br\/forma\/#breadcrumb"},"inLanguage":"pt-BR","potentialAction":[{"@type":"ReadAction","target":["https:\/\/skytour.com.ar\/pt-br\/forma\/"]}]},{"@type":"BreadcrumbList","@id":"https:\/\/skytour.com.ar\/pt-br\/forma\/#breadcrumb","itemListElement":[{"@type":"ListItem","position":1,"name":"Home","item":"https:\/\/skytour.com.ar\/pt-br\/casa\/"},{"@type":"ListItem","position":2,"name":"Forma"}]},{"@type":"WebSite","@id":"https:\/\/skytour.com.ar\/pt-br\/#website","url":"https:\/\/skytour.com.ar\/pt-br\/","name":"Sky Tour - Parapente","description":"Parapente em Mendoza","publisher":{"@id":"https:\/\/skytour.com.ar\/pt-br\/#organization"},"potentialAction":[{"@type":"SearchAction","target":{"@type":"EntryPoint","urlTemplate":"https:\/\/skytour.com.ar\/pt-br\/?s={search_term_string}"},"query-input":{"@type":"PropertyValueSpecification","valueRequired":true,"valueName":"search_term_string"}}],"inLanguage":"pt-BR"},{"@type":"Organization","@id":"https:\/\/skytour.com.ar\/pt-br\/#organization","name":"Sky Tour - Parapente Mendoza","url":"https:\/\/skytour.com.ar\/pt-br\/","logo":{"@type":"ImageObject","inLanguage":"pt-BR","@id":"https:\/\/skytour.com.ar\/pt-br\/#\/schema\/logo\/image\/","url":"https:\/\/skytour.com.ar\/wp-content\/uploads\/2022\/06\/FC-1.jpg","contentUrl":"https:\/\/skytour.com.ar\/wp-content\/uploads\/2022\/06\/FC-1.jpg","width":1389,"height":1389,"caption":"Sky Tour - Parapente Mendoza"},"image":{"@id":"https:\/\/skytour.com.ar\/pt-br\/#\/schema\/logo\/image\/"},"sameAs":["https:\/\/www.facebook.com\/skytour.com.ar","https:\/\/www.instagram.com\/skytour_parapente_mendoza\/"]}]}},"_links":{"self":[{"href":"https:\/\/skytour.com.ar\/pt-br\/wp-json\/wp\/v2\/pages\/568","targetHints":{"allow":["GET"]}}],"collection":[{"href":"https:\/\/skytour.com.ar\/pt-br\/wp-json\/wp\/v2\/pages"}],"about":[{"href":"https:\/\/skytour.com.ar\/pt-br\/wp-json\/wp\/v2\/types\/page"}],"author":[{"embeddable":true,"href":"https:\/\/skytour.com.ar\/pt-br\/wp-json\/wp\/v2\/users\/1"}],"replies":[{"embeddable":true,"href":"https:\/\/skytour.com.ar\/pt-br\/wp-json\/wp\/v2\/comments?post=568"}],"version-history":[{"count":2,"href":"https:\/\/skytour.com.ar\/pt-br\/wp-json\/wp\/v2\/pages\/568\/revisions"}],"predecessor-version":[{"id":7532,"href":"https:\/\/skytour.com.ar\/pt-br\/wp-json\/wp\/v2\/pages\/568\/revisions\/7532"}],"wp:attachment":[{"href":"https:\/\/skytour.com.ar\/pt-br\/wp-json\/wp\/v2\/media?parent=568"}],"curies":[{"name":"wp","href":"https:\/\/api.w.org\/{rel}","templated":true}]}}