{"id":570,"date":"2022-06-01T04:40:23","date_gmt":"2022-06-01T04:40:23","guid":{"rendered":"https:\/\/skytour.com.ar\/parapente-em-mendoza\/"},"modified":"2022-06-20T23:20:41","modified_gmt":"2022-06-20T23:20:41","slug":"parapente-em-mendoza","status":"publish","type":"page","link":"https:\/\/skytour.com.ar\/pt-br\/parapente-em-mendoza\/","title":{"rendered":"Parapente em Mendoza"},"content":{"rendered":"\t\t<div data-elementor-type=\"wp-page\" data-elementor-id=\"570\" class=\"elementor elementor-570 elementor-582\" data-elementor-post-type=\"page\">\n\t\t\t\t\t\t<section class=\"elementor-section elementor-top-section elementor-element elementor-element-ea6f60d elementor-section-height-min-height elementor-section-boxed elementor-section-height-default elementor-section-items-middle\" data-id=\"ea6f60d\" data-element_type=\"section\" data-e-type=\"section\" data-settings=\"{&quot;background_background&quot;:&quot;classic&quot;}\">\n\t\t\t\t\t\t<div class=\"elementor-container elementor-column-gap-default\">\n\t\t\t\t\t<div class=\"elementor-column elementor-col-100 elementor-top-column elementor-element elementor-element-97ac1e9 elementor-invisible\" data-id=\"97ac1e9\" data-element_type=\"column\" data-e-type=\"column\" data-settings=\"{&quot;animation&quot;:&quot;fadeIn&quot;,&quot;animation_mobile&quot;:&quot;fadeIn&quot;}\">\n\t\t\t<div class=\"elementor-widget-wrap elementor-element-populated\">\n\t\t\t\t\t\t<div class=\"elementor-element elementor-element-c4382f9 elementor-widget elementor-widget-image\" data-id=\"c4382f9\" data-element_type=\"widget\" data-e-type=\"widget\" data-widget_type=\"image.default\">\n\t\t\t\t<div class=\"elementor-widget-container\">\n\t\t\t\t\t\t\t\t\t\t\t\t\t\t\t<img decoding=\"async\" width=\"1\" height=\"1\" src=\"https:\/\/skytour.com.ar\/wp-content\/uploads\/2022\/06\/SKytour-curva.svg\" class=\"attachment-large size-large wp-image-515\" alt=\"\" \/>\t\t\t\t\t\t\t\t\t\t\t\t\t\t\t<\/div>\n\t\t\t\t<\/div>\n\t\t\t\t<div class=\"elementor-element elementor-element-b6feea9 elementor-widget-divider--view-line elementor-widget elementor-widget-divider\" data-id=\"b6feea9\" data-element_type=\"widget\" data-e-type=\"widget\" data-widget_type=\"divider.default\">\n\t\t\t\t<div class=\"elementor-widget-container\">\n\t\t\t\t\t\t\t<div class=\"elementor-divider\">\n\t\t\t<span class=\"elementor-divider-separator\">\n\t\t\t\t\t\t<\/span>\n\t\t<\/div>\n\t\t\t\t\t\t<\/div>\n\t\t\t\t<\/div>\n\t\t\t\t<div class=\"elementor-element elementor-element-dab91b3 elementor-widget elementor-widget-text-editor\" data-id=\"dab91b3\" data-element_type=\"widget\" data-e-type=\"widget\" data-widget_type=\"text-editor.default\">\n\t\t\t\t<div class=\"elementor-widget-container\">\n\t\t\t\t\t\t\t\t\t<p>Estamos trabalhando em um novo site para melhor atend\u00ea-lo. <\/p>\t\t\t\t\t\t\t\t<\/div>\n\t\t\t\t<\/div>\n\t\t\t\t<div class=\"elementor-element elementor-element-173437d elementor-widget elementor-widget-spacer\" data-id=\"173437d\" data-element_type=\"widget\" data-e-type=\"widget\" data-widget_type=\"spacer.default\">\n\t\t\t\t<div class=\"elementor-widget-container\">\n\t\t\t\t\t\t\t<div class=\"elementor-spacer\">\n\t\t\t<div class=\"elementor-spacer-inner\"><\/div>\n\t\t<\/div>\n\t\t\t\t\t\t<\/div>\n\t\t\t\t<\/div>\n\t\t\t\t<section class=\"elementor-section elementor-inner-section elementor-element elementor-element-a3cd36a elementor-section-boxed elementor-section-height-default elementor-section-height-default\" data-id=\"a3cd36a\" data-element_type=\"section\" data-e-type=\"section\" data-settings=\"{&quot;background_background&quot;:&quot;classic&quot;}\">\n\t\t\t\t\t\t<div class=\"elementor-container elementor-column-gap-default\">\n\t\t\t\t\t<div class=\"elementor-column elementor-col-100 elementor-inner-column elementor-element elementor-element-abcc6a0\" data-id=\"abcc6a0\" data-element_type=\"column\" data-e-type=\"column\">\n\t\t\t<div class=\"elementor-widget-wrap elementor-element-populated\">\n\t\t\t\t\t\t<div class=\"elementor-element elementor-element-d5e8113 elementor-widget elementor-widget-text-editor\" data-id=\"d5e8113\" data-element_type=\"widget\" data-e-type=\"widget\" data-widget_type=\"text-editor.default\">\n\t\t\t\t<div class=\"elementor-widget-container\">\n\t\t\t\t\t\t\t\t\t<p>RESERVAS E INFORMA\u00c7\u00d5ES:<\/p>\t\t\t\t\t\t\t\t<\/div>\n\t\t\t\t<\/div>\n\t\t\t\t<div class=\"elementor-element elementor-element-e7a5f8b elementor-icon-list--layout-inline elementor-align-center elementor-list-item-link-full_width elementor-widget elementor-widget-icon-list\" data-id=\"e7a5f8b\" data-element_type=\"widget\" data-e-type=\"widget\" data-widget_type=\"icon-list.default\">\n\t\t\t\t<div class=\"elementor-widget-container\">\n\t\t\t\t\t\t\t<ul class=\"elementor-icon-list-items elementor-inline-items\">\n\t\t\t\t\t\t\t<li class=\"elementor-icon-list-item elementor-inline-item\">\n\t\t\t\t\t\t\t\t\t\t\t<a href=\"https:\/\/wa.me\/5492612555550\" target=\"_blank\">\n\n\t\t\t\t\t\t\t\t\t\t\t\t<span class=\"elementor-icon-list-icon\">\n\t\t\t\t\t\t\t<i aria-hidden=\"true\" class=\"fab fa-whatsapp\"><\/i>\t\t\t\t\t\t<\/span>\n\t\t\t\t\t\t\t\t\t\t<span class=\"elementor-icon-list-text\"><\/span>\n\t\t\t\t\t\t\t\t\t\t\t<\/a>\n\t\t\t\t\t\t\t\t\t<\/li>\n\t\t\t\t\t\t\t\t<li class=\"elementor-icon-list-item elementor-inline-item\">\n\t\t\t\t\t\t\t\t\t\t\t<a href=\"\" target=\"_blank\">\n\n\t\t\t\t\t\t\t\t\t\t\t\t<span class=\"elementor-icon-list-icon\">\n\t\t\t\t\t\t\t<i aria-hidden=\"true\" class=\"fas fa-phone-alt\"><\/i>\t\t\t\t\t\t<\/span>\n\t\t\t\t\t\t\t\t\t\t<span class=\"elementor-icon-list-text\"><\/span>\n\t\t\t\t\t\t\t\t\t\t\t<\/a>\n\t\t\t\t\t\t\t\t\t<\/li>\n\t\t\t\t\t\t\t\t<li class=\"elementor-icon-list-item elementor-inline-item\">\n\t\t\t\t\t\t\t\t\t\t\t<a href=\"https:\/\/goo.gl\/maps\/7y6djjfTYPC5E5WaA\" target=\"_blank\">\n\n\t\t\t\t\t\t\t\t\t\t\t\t<span class=\"elementor-icon-list-icon\">\n\t\t\t\t\t\t\t<i aria-hidden=\"true\" class=\"fas fa-map-marker-alt\"><\/i>\t\t\t\t\t\t<\/span>\n\t\t\t\t\t\t\t\t\t\t<span class=\"elementor-icon-list-text\"><\/span>\n\t\t\t\t\t\t\t\t\t\t\t<\/a>\n\t\t\t\t\t\t\t\t\t<\/li>\n\t\t\t\t\t\t<\/ul>\n\t\t\t\t\t\t<\/div>\n\t\t\t\t<\/div>\n\t\t\t\t\t<\/div>\n\t\t<\/div>\n\t\t\t\t\t<\/div>\n\t\t<\/section>\n\t\t\t\t\t<\/div>\n\t\t<\/div>\n\t\t\t\t\t<\/div>\n\t\t<\/section>\n\t\t\t\t<\/div>\n\t\t","protected":false},"excerpt":{"rendered":"<p>Estamos trabalhando em um novo site para melhor atend\u00ea-lo. RESERVAS E INFORMA\u00c7\u00d5ES:<\/p>\n","protected":false},"author":1,"featured_media":517,"parent":0,"menu_order":0,"comment_status":"closed","ping_status":"closed","template":"elementor_canvas","meta":{"_joinchat":[],"footnotes":""},"class_list":["post-570","page","type-page","status-publish","has-post-thumbnail","hentry"],"yoast_head":"<!-- This site is optimized with the Yoast SEO Premium plugin v18.5 (Yoast SEO v27.3) - https:\/\/yoast.com\/product\/yoast-seo-premium-wordpress\/ -->\n<title>Parapente em Mendoza - Sky Tour - Parapente<\/title>\n<meta name=\"description\" content=\"Parapente en Mendoza\" \/>\n<meta name=\"robots\" content=\"index, follow, max-snippet:-1, max-image-preview:large, max-video-preview:-1\" \/>\n<link rel=\"canonical\" href=\"https:\/\/skytour.com.ar\/pt-br\/parapente-em-mendoza\/\" \/>\n<meta property=\"og:locale\" content=\"pt_BR\" \/>\n<meta property=\"og:type\" content=\"article\" \/>\n<meta property=\"og:title\" content=\"Parapente em Mendoza\" \/>\n<meta property=\"og:description\" content=\"Parapente en Mendoza\" \/>\n<meta property=\"og:url\" content=\"https:\/\/skytour.com.ar\/pt-br\/parapente-em-mendoza\/\" \/>\n<meta property=\"og:site_name\" content=\"Sky Tour - Parapente\" \/>\n<meta property=\"article:publisher\" content=\"https:\/\/www.facebook.com\/skytour.com.ar\" \/>\n<meta property=\"article:modified_time\" content=\"2022-06-20T23:20:41+00:00\" \/>\n<meta property=\"og:image\" content=\"https:\/\/skytour.com.ar\/wp-content\/uploads\/2022\/06\/FC-1.jpg\" \/>\n\t<meta property=\"og:image:width\" content=\"1389\" \/>\n\t<meta property=\"og:image:height\" content=\"1389\" \/>\n\t<meta property=\"og:image:type\" content=\"image\/jpeg\" \/>\n<meta name=\"twitter:card\" content=\"summary_large_image\" \/>\n<script type=\"application\/ld+json\" class=\"yoast-schema-graph\">{\"@context\":\"https:\\\/\\\/schema.org\",\"@graph\":[{\"@type\":\"WebPage\",\"@id\":\"https:\\\/\\\/skytour.com.ar\\\/pt-br\\\/parapente-em-mendoza\\\/\",\"url\":\"https:\\\/\\\/skytour.com.ar\\\/pt-br\\\/parapente-em-mendoza\\\/\",\"name\":\"Parapente em Mendoza - Sky Tour - Parapente\",\"isPartOf\":{\"@id\":\"https:\\\/\\\/skytour.com.ar\\\/pt-br\\\/#website\"},\"primaryImageOfPage\":{\"@id\":\"https:\\\/\\\/skytour.com.ar\\\/pt-br\\\/parapente-em-mendoza\\\/#primaryimage\"},\"image\":{\"@id\":\"https:\\\/\\\/skytour.com.ar\\\/pt-br\\\/parapente-em-mendoza\\\/#primaryimage\"},\"thumbnailUrl\":\"https:\\\/\\\/skytour.com.ar\\\/wp-content\\\/uploads\\\/2022\\\/06\\\/FC-1.jpg\",\"datePublished\":\"2022-06-01T04:40:23+00:00\",\"dateModified\":\"2022-06-20T23:20:41+00:00\",\"description\":\"Parapente en Mendoza\",\"breadcrumb\":{\"@id\":\"https:\\\/\\\/skytour.com.ar\\\/pt-br\\\/parapente-em-mendoza\\\/#breadcrumb\"},\"inLanguage\":\"pt-BR\",\"potentialAction\":[{\"@type\":\"ReadAction\",\"target\":[\"https:\\\/\\\/skytour.com.ar\\\/pt-br\\\/parapente-em-mendoza\\\/\"]}]},{\"@type\":\"ImageObject\",\"inLanguage\":\"pt-BR\",\"@id\":\"https:\\\/\\\/skytour.com.ar\\\/pt-br\\\/parapente-em-mendoza\\\/#primaryimage\",\"url\":\"https:\\\/\\\/skytour.com.ar\\\/wp-content\\\/uploads\\\/2022\\\/06\\\/FC-1.jpg\",\"contentUrl\":\"https:\\\/\\\/skytour.com.ar\\\/wp-content\\\/uploads\\\/2022\\\/06\\\/FC-1.jpg\",\"width\":1389,\"height\":1389},{\"@type\":\"BreadcrumbList\",\"@id\":\"https:\\\/\\\/skytour.com.ar\\\/pt-br\\\/parapente-em-mendoza\\\/#breadcrumb\",\"itemListElement\":[{\"@type\":\"ListItem\",\"position\":1,\"name\":\"Home\",\"item\":\"https:\\\/\\\/skytour.com.ar\\\/pt-br\\\/casa\\\/\"},{\"@type\":\"ListItem\",\"position\":2,\"name\":\"Parapente em Mendoza\"}]},{\"@type\":\"WebSite\",\"@id\":\"https:\\\/\\\/skytour.com.ar\\\/pt-br\\\/#website\",\"url\":\"https:\\\/\\\/skytour.com.ar\\\/pt-br\\\/\",\"name\":\"Sky Tour - Parapente\",\"description\":\"Parapente em Mendoza\",\"publisher\":{\"@id\":\"https:\\\/\\\/skytour.com.ar\\\/pt-br\\\/#organization\"},\"potentialAction\":[{\"@type\":\"SearchAction\",\"target\":{\"@type\":\"EntryPoint\",\"urlTemplate\":\"https:\\\/\\\/skytour.com.ar\\\/pt-br\\\/?s={search_term_string}\"},\"query-input\":{\"@type\":\"PropertyValueSpecification\",\"valueRequired\":true,\"valueName\":\"search_term_string\"}}],\"inLanguage\":\"pt-BR\"},{\"@type\":\"Organization\",\"@id\":\"https:\\\/\\\/skytour.com.ar\\\/pt-br\\\/#organization\",\"name\":\"Sky Tour - Parapente Mendoza\",\"url\":\"https:\\\/\\\/skytour.com.ar\\\/pt-br\\\/\",\"logo\":{\"@type\":\"ImageObject\",\"inLanguage\":\"pt-BR\",\"@id\":\"https:\\\/\\\/skytour.com.ar\\\/pt-br\\\/#\\\/schema\\\/logo\\\/image\\\/\",\"url\":\"https:\\\/\\\/skytour.com.ar\\\/wp-content\\\/uploads\\\/2022\\\/06\\\/FC-1.jpg\",\"contentUrl\":\"https:\\\/\\\/skytour.com.ar\\\/wp-content\\\/uploads\\\/2022\\\/06\\\/FC-1.jpg\",\"width\":1389,\"height\":1389,\"caption\":\"Sky Tour - Parapente Mendoza\"},\"image\":{\"@id\":\"https:\\\/\\\/skytour.com.ar\\\/pt-br\\\/#\\\/schema\\\/logo\\\/image\\\/\"},\"sameAs\":[\"https:\\\/\\\/www.facebook.com\\\/skytour.com.ar\",\"https:\\\/\\\/www.instagram.com\\\/skytour_parapente_mendoza\\\/\"]}]}<\/script>\n<!-- \/ Yoast SEO Premium plugin. -->","yoast_head_json":{"title":"Parapente em Mendoza - Sky Tour - Parapente","description":"Parapente en Mendoza","robots":{"index":"index","follow":"follow","max-snippet":"max-snippet:-1","max-image-preview":"max-image-preview:large","max-video-preview":"max-video-preview:-1"},"canonical":"https:\/\/skytour.com.ar\/pt-br\/parapente-em-mendoza\/","og_locale":"pt_BR","og_type":"article","og_title":"Parapente em Mendoza","og_description":"Parapente en Mendoza","og_url":"https:\/\/skytour.com.ar\/pt-br\/parapente-em-mendoza\/","og_site_name":"Sky Tour - Parapente","article_publisher":"https:\/\/www.facebook.com\/skytour.com.ar","article_modified_time":"2022-06-20T23:20:41+00:00","og_image":[{"width":1389,"height":1389,"url":"https:\/\/skytour.com.ar\/wp-content\/uploads\/2022\/06\/FC-1.jpg","type":"image\/jpeg"}],"twitter_card":"summary_large_image","schema":{"@context":"https:\/\/schema.org","@graph":[{"@type":"WebPage","@id":"https:\/\/skytour.com.ar\/pt-br\/parapente-em-mendoza\/","url":"https:\/\/skytour.com.ar\/pt-br\/parapente-em-mendoza\/","name":"Parapente em Mendoza - Sky Tour - Parapente","isPartOf":{"@id":"https:\/\/skytour.com.ar\/pt-br\/#website"},"primaryImageOfPage":{"@id":"https:\/\/skytour.com.ar\/pt-br\/parapente-em-mendoza\/#primaryimage"},"image":{"@id":"https:\/\/skytour.com.ar\/pt-br\/parapente-em-mendoza\/#primaryimage"},"thumbnailUrl":"https:\/\/skytour.com.ar\/wp-content\/uploads\/2022\/06\/FC-1.jpg","datePublished":"2022-06-01T04:40:23+00:00","dateModified":"2022-06-20T23:20:41+00:00","description":"Parapente en Mendoza","breadcrumb":{"@id":"https:\/\/skytour.com.ar\/pt-br\/parapente-em-mendoza\/#breadcrumb"},"inLanguage":"pt-BR","potentialAction":[{"@type":"ReadAction","target":["https:\/\/skytour.com.ar\/pt-br\/parapente-em-mendoza\/"]}]},{"@type":"ImageObject","inLanguage":"pt-BR","@id":"https:\/\/skytour.com.ar\/pt-br\/parapente-em-mendoza\/#primaryimage","url":"https:\/\/skytour.com.ar\/wp-content\/uploads\/2022\/06\/FC-1.jpg","contentUrl":"https:\/\/skytour.com.ar\/wp-content\/uploads\/2022\/06\/FC-1.jpg","width":1389,"height":1389},{"@type":"BreadcrumbList","@id":"https:\/\/skytour.com.ar\/pt-br\/parapente-em-mendoza\/#breadcrumb","itemListElement":[{"@type":"ListItem","position":1,"name":"Home","item":"https:\/\/skytour.com.ar\/pt-br\/casa\/"},{"@type":"ListItem","position":2,"name":"Parapente em Mendoza"}]},{"@type":"WebSite","@id":"https:\/\/skytour.com.ar\/pt-br\/#website","url":"https:\/\/skytour.com.ar\/pt-br\/","name":"Sky Tour - Parapente","description":"Parapente em Mendoza","publisher":{"@id":"https:\/\/skytour.com.ar\/pt-br\/#organization"},"potentialAction":[{"@type":"SearchAction","target":{"@type":"EntryPoint","urlTemplate":"https:\/\/skytour.com.ar\/pt-br\/?s={search_term_string}"},"query-input":{"@type":"PropertyValueSpecification","valueRequired":true,"valueName":"search_term_string"}}],"inLanguage":"pt-BR"},{"@type":"Organization","@id":"https:\/\/skytour.com.ar\/pt-br\/#organization","name":"Sky Tour - Parapente Mendoza","url":"https:\/\/skytour.com.ar\/pt-br\/","logo":{"@type":"ImageObject","inLanguage":"pt-BR","@id":"https:\/\/skytour.com.ar\/pt-br\/#\/schema\/logo\/image\/","url":"https:\/\/skytour.com.ar\/wp-content\/uploads\/2022\/06\/FC-1.jpg","contentUrl":"https:\/\/skytour.com.ar\/wp-content\/uploads\/2022\/06\/FC-1.jpg","width":1389,"height":1389,"caption":"Sky Tour - Parapente Mendoza"},"image":{"@id":"https:\/\/skytour.com.ar\/pt-br\/#\/schema\/logo\/image\/"},"sameAs":["https:\/\/www.facebook.com\/skytour.com.ar","https:\/\/www.instagram.com\/skytour_parapente_mendoza\/"]}]}},"_links":{"self":[{"href":"https:\/\/skytour.com.ar\/pt-br\/wp-json\/wp\/v2\/pages\/570","targetHints":{"allow":["GET"]}}],"collection":[{"href":"https:\/\/skytour.com.ar\/pt-br\/wp-json\/wp\/v2\/pages"}],"about":[{"href":"https:\/\/skytour.com.ar\/pt-br\/wp-json\/wp\/v2\/types\/page"}],"author":[{"embeddable":true,"href":"https:\/\/skytour.com.ar\/pt-br\/wp-json\/wp\/v2\/users\/1"}],"replies":[{"embeddable":true,"href":"https:\/\/skytour.com.ar\/pt-br\/wp-json\/wp\/v2\/comments?post=570"}],"version-history":[{"count":0,"href":"https:\/\/skytour.com.ar\/pt-br\/wp-json\/wp\/v2\/pages\/570\/revisions"}],"wp:featuredmedia":[{"embeddable":true,"href":"https:\/\/skytour.com.ar\/pt-br\/wp-json\/wp\/v2\/media\/517"}],"wp:attachment":[{"href":"https:\/\/skytour.com.ar\/pt-br\/wp-json\/wp\/v2\/media?parent=570"}],"curies":[{"name":"wp","href":"https:\/\/api.w.org\/{rel}","templated":true}]}}