{"id":7594,"date":"2023-06-13T00:36:10","date_gmt":"2023-06-13T03:36:10","guid":{"rendered":"https:\/\/skytour.com.ar\/painel-de-afiliados\/"},"modified":"2026-01-21T13:37:16","modified_gmt":"2026-01-21T16:37:16","slug":"painel-de-afiliados","status":"publish","type":"page","link":"https:\/\/skytour.com.ar\/pt-br\/painel-de-afiliados\/","title":{"rendered":"Painel de Afiliados"},"content":{"rendered":"\t\t<div data-elementor-type=\"wp-page\" data-elementor-id=\"7594\" class=\"elementor elementor-7594 elementor-1985\" data-elementor-post-type=\"page\">\n\t\t\t\t\t\t<section class=\"elementor-section elementor-top-section elementor-element elementor-element-9a5cee8 elementor-section-boxed elementor-section-height-default elementor-section-height-default\" data-id=\"9a5cee8\" data-element_type=\"section\" data-e-type=\"section\">\n\t\t\t\t\t\t<div class=\"elementor-container elementor-column-gap-default\">\n\t\t\t\t\t<div class=\"elementor-column elementor-col-100 elementor-top-column elementor-element elementor-element-253f3e0\" data-id=\"253f3e0\" data-element_type=\"column\" data-e-type=\"column\">\n\t\t\t<div class=\"elementor-widget-wrap elementor-element-populated\">\n\t\t\t\t\t\t<div class=\"elementor-element elementor-element-c64ec79 elementor-widget elementor-widget-heading\" data-id=\"c64ec79\" data-element_type=\"widget\" data-e-type=\"widget\" data-widget_type=\"heading.default\">\n\t\t\t\t<div class=\"elementor-widget-container\">\n\t\t\t\t\t<h2 class=\"elementor-heading-title elementor-size-default\">Painel de Afiliados<\/h2>\t\t\t\t<\/div>\n\t\t\t\t<\/div>\n\t\t\t\t<div class=\"elementor-element elementor-element-f0e488a elementor-widget elementor-widget-text-editor\" data-id=\"f0e488a\" data-element_type=\"widget\" data-e-type=\"widget\" data-widget_type=\"text-editor.default\">\n\t\t\t\t<div class=\"elementor-widget-container\">\n\t\t\t\t\t\t\t\t\t<ul><li>Uma vez que o usu\u00e1rio acessa nosso site com seu link, voc\u00ea sempre cobrar\u00e1 comiss\u00e3o pelas compras que ele fizer, o sistema sempre detectar\u00e1 automaticamente.<\/li><\/ul>\t\t\t\t\t\t\t\t<\/div>\n\t\t\t\t<\/div>\n\t\t\t\t\t<\/div>\n\t\t<\/div>\n\t\t\t\t\t<\/div>\n\t\t<\/section>\n\t\t\t\t<section class=\"elementor-section elementor-top-section elementor-element elementor-element-26198c3 elementor-section-boxed elementor-section-height-default elementor-section-height-default\" data-id=\"26198c3\" data-element_type=\"section\" data-e-type=\"section\">\n\t\t\t\t\t\t<div class=\"elementor-container elementor-column-gap-default\">\n\t\t\t\t\t<div class=\"elementor-column elementor-col-100 elementor-top-column elementor-element elementor-element-7d6fbb6\" data-id=\"7d6fbb6\" data-element_type=\"column\" data-e-type=\"column\">\n\t\t\t<div class=\"elementor-widget-wrap elementor-element-populated\">\n\t\t\t\t\t\t<div class=\"elementor-element elementor-element-1c7e12e elementor-widget-divider--view-line elementor-widget elementor-widget-divider\" data-id=\"1c7e12e\" data-element_type=\"widget\" data-e-type=\"widget\" data-widget_type=\"divider.default\">\n\t\t\t\t<div class=\"elementor-widget-container\">\n\t\t\t\t\t\t\t<div class=\"elementor-divider\">\n\t\t\t<span class=\"elementor-divider-separator\">\n\t\t\t\t\t\t<\/span>\n\t\t<\/div>\n\t\t\t\t\t\t<\/div>\n\t\t\t\t<\/div>\n\t\t\t\t<div class=\"elementor-element elementor-element-d70252a elementor-widget elementor-widget-heading\" data-id=\"d70252a\" data-element_type=\"widget\" data-e-type=\"widget\" data-widget_type=\"heading.default\">\n\t\t\t\t<div class=\"elementor-widget-container\">\n\t\t\t\t\t<h2 class=\"elementor-heading-title elementor-size-default\">Adicione o texto do seu cabe\u00e7alho aqui<\/h2>\t\t\t\t<\/div>\n\t\t\t\t<\/div>\n\t\t\t\t<section class=\"elementor-section elementor-inner-section elementor-element elementor-element-7d59465 elementor-section-boxed elementor-section-height-default elementor-section-height-default\" data-id=\"7d59465\" data-element_type=\"section\" data-e-type=\"section\">\n\t\t\t\t\t\t<div class=\"elementor-container elementor-column-gap-default\">\n\t\t\t\t\t<div class=\"elementor-column elementor-col-16 elementor-inner-column elementor-element elementor-element-79735d2\" data-id=\"79735d2\" data-element_type=\"column\" data-e-type=\"column\">\n\t\t\t<div class=\"elementor-widget-wrap elementor-element-populated\">\n\t\t\t\t\t\t<div class=\"elementor-element elementor-element-5e7215e elementor-cta--skin-classic elementor-animated-content elementor-bg-transform elementor-bg-transform-zoom-in elementor-widget elementor-widget-call-to-action\" data-id=\"5e7215e\" data-element_type=\"widget\" data-e-type=\"widget\" data-widget_type=\"call-to-action.default\">\n\t\t\t\t<div class=\"elementor-widget-container\">\n\t\t\t\t\t\t\t<div class=\"elementor-cta\">\n\t\t\t\t\t<div class=\"elementor-cta__bg-wrapper\">\n\t\t\t\t<div class=\"elementor-cta__bg elementor-bg\" style=\"background-image: url(https:\/\/skytour.com.ar\/wp-content\/uploads\/2023\/06\/1-4-576x1024.jpg);\" role=\"img\" aria-label=\"1\"><\/div>\n\t\t\t\t<div class=\"elementor-cta__bg-overlay\"><\/div>\n\t\t\t<\/div>\n\t\t\t\t\t\t\t\t<\/div>\n\t\t\t\t\t\t<\/div>\n\t\t\t\t<\/div>\n\t\t\t\t\t<\/div>\n\t\t<\/div>\n\t\t\t\t<div class=\"elementor-column elementor-col-16 elementor-inner-column elementor-element elementor-element-68e6f3c\" data-id=\"68e6f3c\" data-element_type=\"column\" data-e-type=\"column\">\n\t\t\t<div class=\"elementor-widget-wrap elementor-element-populated\">\n\t\t\t\t\t\t<div class=\"elementor-element elementor-element-d8226f7 elementor-cta--skin-classic elementor-animated-content elementor-bg-transform elementor-bg-transform-zoom-in elementor-widget elementor-widget-call-to-action\" data-id=\"d8226f7\" data-element_type=\"widget\" data-e-type=\"widget\" data-widget_type=\"call-to-action.default\">\n\t\t\t\t<div class=\"elementor-widget-container\">\n\t\t\t\t\t\t\t<a class=\"elementor-cta\" href=\"https:\/\/skytour.com.ar\/wp-content\/uploads\/2023\/06\/Te-prometieron-el-cielo.mp4\" target=\"_blank\" download=\"\">\n\t\t\t\t\t<div class=\"elementor-cta__bg-wrapper\">\n\t\t\t\t<div class=\"elementor-cta__bg elementor-bg\" style=\"background-image: url(https:\/\/skytour.com.ar\/wp-content\/uploads\/2023\/06\/1-3-576x1024.jpg);\" role=\"img\" aria-label=\"1\"><\/div>\n\t\t\t\t<div class=\"elementor-cta__bg-overlay\"><\/div>\n\t\t\t<\/div>\n\t\t\t\t\t\t\t\t<\/a>\n\t\t\t\t\t\t<\/div>\n\t\t\t\t<\/div>\n\t\t\t\t\t<\/div>\n\t\t<\/div>\n\t\t\t\t<div class=\"elementor-column elementor-col-16 elementor-inner-column elementor-element elementor-element-313eaf8\" data-id=\"313eaf8\" data-element_type=\"column\" data-e-type=\"column\">\n\t\t\t<div class=\"elementor-widget-wrap elementor-element-populated\">\n\t\t\t\t\t\t<div class=\"elementor-element elementor-element-9e7714f elementor-cta--skin-classic elementor-animated-content elementor-bg-transform elementor-bg-transform-zoom-in elementor-widget elementor-widget-call-to-action\" data-id=\"9e7714f\" data-element_type=\"widget\" data-e-type=\"widget\" data-widget_type=\"call-to-action.default\">\n\t\t\t\t<div class=\"elementor-widget-container\">\n\t\t\t\t\t\t\t<a class=\"elementor-cta\" href=\"https:\/\/skytour.com.ar\/wp-content\/uploads\/2023\/06\/Tu-ex.mp4\" target=\"_blank\" download=\"\">\n\t\t\t\t\t<div class=\"elementor-cta__bg-wrapper\">\n\t\t\t\t<div class=\"elementor-cta__bg elementor-bg\" style=\"background-image: url(https:\/\/skytour.com.ar\/wp-content\/uploads\/2023\/06\/1-2-576x1024.jpg);\" role=\"img\" aria-label=\"1\"><\/div>\n\t\t\t\t<div class=\"elementor-cta__bg-overlay\"><\/div>\n\t\t\t<\/div>\n\t\t\t\t\t\t\t\t<\/a>\n\t\t\t\t\t\t<\/div>\n\t\t\t\t<\/div>\n\t\t\t\t\t<\/div>\n\t\t<\/div>\n\t\t\t\t<div class=\"elementor-column elementor-col-16 elementor-inner-column elementor-element elementor-element-c2b58c4\" data-id=\"c2b58c4\" data-element_type=\"column\" data-e-type=\"column\">\n\t\t\t<div class=\"elementor-widget-wrap elementor-element-populated\">\n\t\t\t\t\t\t<div class=\"elementor-element elementor-element-618199c elementor-cta--skin-classic elementor-animated-content elementor-bg-transform elementor-bg-transform-zoom-in elementor-widget elementor-widget-call-to-action\" data-id=\"618199c\" data-element_type=\"widget\" data-e-type=\"widget\" data-widget_type=\"call-to-action.default\">\n\t\t\t\t<div class=\"elementor-widget-container\">\n\t\t\t\t\t\t\t<div class=\"elementor-cta\">\n\t\t\t\t\t<div class=\"elementor-cta__bg-wrapper\">\n\t\t\t\t<div class=\"elementor-cta__bg elementor-bg\" style=\"background-image: url(https:\/\/skytour.com.ar\/wp-content\/uploads\/2023\/06\/1-1-576x1024.jpg);\" role=\"img\" aria-label=\"1\"><\/div>\n\t\t\t\t<div class=\"elementor-cta__bg-overlay\"><\/div>\n\t\t\t<\/div>\n\t\t\t\t\t\t\t\t<\/div>\n\t\t\t\t\t\t<\/div>\n\t\t\t\t<\/div>\n\t\t\t\t\t<\/div>\n\t\t<\/div>\n\t\t\t\t<div class=\"elementor-column elementor-col-16 elementor-inner-column elementor-element elementor-element-9d93f82\" data-id=\"9d93f82\" data-element_type=\"column\" data-e-type=\"column\">\n\t\t\t<div class=\"elementor-widget-wrap elementor-element-populated\">\n\t\t\t\t\t\t<div class=\"elementor-element elementor-element-7fa5a1b elementor-cta--skin-classic elementor-animated-content elementor-bg-transform elementor-bg-transform-zoom-in elementor-widget elementor-widget-call-to-action\" data-id=\"7fa5a1b\" data-element_type=\"widget\" data-e-type=\"widget\" data-widget_type=\"call-to-action.default\">\n\t\t\t\t<div class=\"elementor-widget-container\">\n\t\t\t\t\t\t\t<a class=\"elementor-cta\" href=\"https:\/\/skytour.com.ar\/wp-content\/uploads\/2023\/06\/No-somo-Di-Caprio.mp4\" target=\"_blank\" download=\"\">\n\t\t\t\t\t<div class=\"elementor-cta__bg-wrapper\">\n\t\t\t\t<div class=\"elementor-cta__bg elementor-bg\" style=\"background-image: url(https:\/\/skytour.com.ar\/wp-content\/uploads\/2023\/06\/2-576x1024.jpg);\" role=\"img\" aria-label=\"2\"><\/div>\n\t\t\t\t<div class=\"elementor-cta__bg-overlay\"><\/div>\n\t\t\t<\/div>\n\t\t\t\t\t\t\t\t<\/a>\n\t\t\t\t\t\t<\/div>\n\t\t\t\t<\/div>\n\t\t\t\t\t<\/div>\n\t\t<\/div>\n\t\t\t\t<div class=\"elementor-column elementor-col-16 elementor-inner-column elementor-element elementor-element-d906e52\" data-id=\"d906e52\" data-element_type=\"column\" data-e-type=\"column\">\n\t\t\t<div class=\"elementor-widget-wrap elementor-element-populated\">\n\t\t\t\t\t\t<div class=\"elementor-element elementor-element-8f030f5 elementor-cta--skin-classic elementor-animated-content elementor-bg-transform elementor-bg-transform-zoom-in elementor-widget elementor-widget-call-to-action\" data-id=\"8f030f5\" data-element_type=\"widget\" data-e-type=\"widget\" data-widget_type=\"call-to-action.default\">\n\t\t\t\t<div class=\"elementor-widget-container\">\n\t\t\t\t\t\t\t<div class=\"elementor-cta\">\n\t\t\t\t\t<div class=\"elementor-cta__bg-wrapper\">\n\t\t\t\t<div class=\"elementor-cta__bg elementor-bg\" style=\"background-image: url(https:\/\/skytour.com.ar\/wp-content\/uploads\/2023\/06\/1-576x1024.jpg);\" role=\"img\" aria-label=\"1\"><\/div>\n\t\t\t\t<div class=\"elementor-cta__bg-overlay\"><\/div>\n\t\t\t<\/div>\n\t\t\t\t\t\t\t\t<\/div>\n\t\t\t\t\t\t<\/div>\n\t\t\t\t<\/div>\n\t\t\t\t\t<\/div>\n\t\t<\/div>\n\t\t\t\t\t<\/div>\n\t\t<\/section>\n\t\t\t\t<div class=\"elementor-element elementor-element-8676640 elementor-align-left elementor-widget elementor-widget-button\" data-id=\"8676640\" data-element_type=\"widget\" data-e-type=\"widget\" data-widget_type=\"button.default\">\n\t\t\t\t<div class=\"elementor-widget-container\">\n\t\t\t\t\t\t\t\t\t<div class=\"elementor-button-wrapper\">\n\t\t\t\t\t<a class=\"elementor-button elementor-button-link elementor-size-sm elementor-animation-grow\" href=\"#\">\n\t\t\t\t\t\t<span class=\"elementor-button-content-wrapper\">\n\t\t\t\t\t\t\t\t\t<span class=\"elementor-button-text\">Como compartilhar o link no Instagram<\/span>\n\t\t\t\t\t<\/span>\n\t\t\t\t\t<\/a>\n\t\t\t\t<\/div>\n\t\t\t\t\t\t\t\t<\/div>\n\t\t\t\t<\/div>\n\t\t\t\t<div class=\"elementor-element elementor-element-b0acb62 elementor-widget-divider--view-line elementor-widget elementor-widget-divider\" data-id=\"b0acb62\" data-element_type=\"widget\" data-e-type=\"widget\" data-widget_type=\"divider.default\">\n\t\t\t\t<div class=\"elementor-widget-container\">\n\t\t\t\t\t\t\t<div class=\"elementor-divider\">\n\t\t\t<span class=\"elementor-divider-separator\">\n\t\t\t\t\t\t<\/span>\n\t\t<\/div>\n\t\t\t\t\t\t<\/div>\n\t\t\t\t<\/div>\n\t\t\t\t<div class=\"elementor-element elementor-element-9cf941b elementor-widget-divider--view-line elementor-widget elementor-widget-divider\" data-id=\"9cf941b\" data-element_type=\"widget\" data-e-type=\"widget\" data-widget_type=\"divider.default\">\n\t\t\t\t<div class=\"elementor-widget-container\">\n\t\t\t\t\t\t\t<div class=\"elementor-divider\">\n\t\t\t<span class=\"elementor-divider-separator\">\n\t\t\t\t\t\t<\/span>\n\t\t<\/div>\n\t\t\t\t\t\t<\/div>\n\t\t\t\t<\/div>\n\t\t\t\t\t<\/div>\n\t\t<\/div>\n\t\t\t\t\t<\/div>\n\t\t<\/section>\n\t\t\t\t<\/div>\n\t\t","protected":false},"excerpt":{"rendered":"<p>Painel de Afiliados Uma vez que o usu\u00e1rio acessa nosso site com seu link, voc\u00ea sempre cobrar\u00e1 comiss\u00e3o pelas compras que ele fizer, o sistema sempre detectar\u00e1 automaticamente. Adicione o texto do seu cabe\u00e7alho aqui Como compartilhar o link no Instagram<\/p>\n","protected":false},"author":1,"featured_media":0,"parent":0,"menu_order":0,"comment_status":"closed","ping_status":"closed","template":"","meta":{"_joinchat":[],"footnotes":""},"class_list":["post-7594","page","type-page","status-publish","hentry"],"yoast_head":"<!-- This site is optimized with the Yoast SEO Premium plugin v18.5 (Yoast SEO v27.4) - https:\/\/yoast.com\/product\/yoast-seo-premium-wordpress\/ -->\n<title>Painel de Afiliados - Sky Tour - Parapente<\/title>\n<meta name=\"description\" content=\"Parapente en Mendoza\" \/>\n<meta name=\"robots\" content=\"index, follow, max-snippet:-1, max-image-preview:large, max-video-preview:-1\" \/>\n<link rel=\"canonical\" href=\"https:\/\/skytour.com.ar\/pt-br\/painel-de-afiliados\/\" \/>\n<meta property=\"og:locale\" content=\"pt_BR\" \/>\n<meta property=\"og:type\" content=\"article\" \/>\n<meta property=\"og:title\" content=\"Painel de Afiliados\" \/>\n<meta property=\"og:description\" content=\"Parapente en Mendoza\" \/>\n<meta property=\"og:url\" content=\"https:\/\/skytour.com.ar\/pt-br\/painel-de-afiliados\/\" \/>\n<meta property=\"og:site_name\" content=\"Sky Tour - Parapente\" \/>\n<meta property=\"article:publisher\" content=\"https:\/\/www.facebook.com\/skytour.com.ar\" \/>\n<meta property=\"article:modified_time\" content=\"2026-01-21T16:37:16+00:00\" \/>\n<meta property=\"og:image\" content=\"https:\/\/skytour.com.ar\/wp-content\/uploads\/2022\/06\/FC-1.jpg\" \/>\n\t<meta property=\"og:image:width\" content=\"1389\" \/>\n\t<meta property=\"og:image:height\" content=\"1389\" \/>\n\t<meta property=\"og:image:type\" content=\"image\/jpeg\" \/>\n<meta name=\"twitter:card\" content=\"summary_large_image\" \/>\n<script type=\"application\/ld+json\" class=\"yoast-schema-graph\">{\"@context\":\"https:\\\/\\\/schema.org\",\"@graph\":[{\"@type\":\"WebPage\",\"@id\":\"https:\\\/\\\/skytour.com.ar\\\/pt-br\\\/painel-de-afiliados\\\/\",\"url\":\"https:\\\/\\\/skytour.com.ar\\\/pt-br\\\/painel-de-afiliados\\\/\",\"name\":\"Painel de Afiliados - Sky Tour - Parapente\",\"isPartOf\":{\"@id\":\"https:\\\/\\\/skytour.com.ar\\\/pt-br\\\/#website\"},\"datePublished\":\"2023-06-13T03:36:10+00:00\",\"dateModified\":\"2026-01-21T16:37:16+00:00\",\"description\":\"Parapente en Mendoza\",\"breadcrumb\":{\"@id\":\"https:\\\/\\\/skytour.com.ar\\\/pt-br\\\/painel-de-afiliados\\\/#breadcrumb\"},\"inLanguage\":\"pt-BR\",\"potentialAction\":[{\"@type\":\"ReadAction\",\"target\":[\"https:\\\/\\\/skytour.com.ar\\\/pt-br\\\/painel-de-afiliados\\\/\"]}]},{\"@type\":\"BreadcrumbList\",\"@id\":\"https:\\\/\\\/skytour.com.ar\\\/pt-br\\\/painel-de-afiliados\\\/#breadcrumb\",\"itemListElement\":[{\"@type\":\"ListItem\",\"position\":1,\"name\":\"Home\",\"item\":\"https:\\\/\\\/skytour.com.ar\\\/pt-br\\\/casa\\\/\"},{\"@type\":\"ListItem\",\"position\":2,\"name\":\"Painel de Afiliados\"}]},{\"@type\":\"WebSite\",\"@id\":\"https:\\\/\\\/skytour.com.ar\\\/pt-br\\\/#website\",\"url\":\"https:\\\/\\\/skytour.com.ar\\\/pt-br\\\/\",\"name\":\"Sky Tour - Parapente\",\"description\":\"Parapente em Mendoza\",\"publisher\":{\"@id\":\"https:\\\/\\\/skytour.com.ar\\\/pt-br\\\/#organization\"},\"potentialAction\":[{\"@type\":\"SearchAction\",\"target\":{\"@type\":\"EntryPoint\",\"urlTemplate\":\"https:\\\/\\\/skytour.com.ar\\\/pt-br\\\/?s={search_term_string}\"},\"query-input\":{\"@type\":\"PropertyValueSpecification\",\"valueRequired\":true,\"valueName\":\"search_term_string\"}}],\"inLanguage\":\"pt-BR\"},{\"@type\":\"Organization\",\"@id\":\"https:\\\/\\\/skytour.com.ar\\\/pt-br\\\/#organization\",\"name\":\"Sky Tour - Parapente Mendoza\",\"url\":\"https:\\\/\\\/skytour.com.ar\\\/pt-br\\\/\",\"logo\":{\"@type\":\"ImageObject\",\"inLanguage\":\"pt-BR\",\"@id\":\"https:\\\/\\\/skytour.com.ar\\\/pt-br\\\/#\\\/schema\\\/logo\\\/image\\\/\",\"url\":\"https:\\\/\\\/skytour.com.ar\\\/wp-content\\\/uploads\\\/2022\\\/06\\\/FC-1.jpg\",\"contentUrl\":\"https:\\\/\\\/skytour.com.ar\\\/wp-content\\\/uploads\\\/2022\\\/06\\\/FC-1.jpg\",\"width\":1389,\"height\":1389,\"caption\":\"Sky Tour - Parapente Mendoza\"},\"image\":{\"@id\":\"https:\\\/\\\/skytour.com.ar\\\/pt-br\\\/#\\\/schema\\\/logo\\\/image\\\/\"},\"sameAs\":[\"https:\\\/\\\/www.facebook.com\\\/skytour.com.ar\",\"https:\\\/\\\/www.instagram.com\\\/skytour_parapente_mendoza\\\/\"]}]}<\/script>\n<!-- \/ Yoast SEO Premium plugin. -->","yoast_head_json":{"title":"Painel de Afiliados - Sky Tour - Parapente","description":"Parapente en Mendoza","robots":{"index":"index","follow":"follow","max-snippet":"max-snippet:-1","max-image-preview":"max-image-preview:large","max-video-preview":"max-video-preview:-1"},"canonical":"https:\/\/skytour.com.ar\/pt-br\/painel-de-afiliados\/","og_locale":"pt_BR","og_type":"article","og_title":"Painel de Afiliados","og_description":"Parapente en Mendoza","og_url":"https:\/\/skytour.com.ar\/pt-br\/painel-de-afiliados\/","og_site_name":"Sky Tour - Parapente","article_publisher":"https:\/\/www.facebook.com\/skytour.com.ar","article_modified_time":"2026-01-21T16:37:16+00:00","og_image":[{"width":1389,"height":1389,"url":"https:\/\/skytour.com.ar\/wp-content\/uploads\/2022\/06\/FC-1.jpg","type":"image\/jpeg"}],"twitter_card":"summary_large_image","schema":{"@context":"https:\/\/schema.org","@graph":[{"@type":"WebPage","@id":"https:\/\/skytour.com.ar\/pt-br\/painel-de-afiliados\/","url":"https:\/\/skytour.com.ar\/pt-br\/painel-de-afiliados\/","name":"Painel de Afiliados - Sky Tour - Parapente","isPartOf":{"@id":"https:\/\/skytour.com.ar\/pt-br\/#website"},"datePublished":"2023-06-13T03:36:10+00:00","dateModified":"2026-01-21T16:37:16+00:00","description":"Parapente en Mendoza","breadcrumb":{"@id":"https:\/\/skytour.com.ar\/pt-br\/painel-de-afiliados\/#breadcrumb"},"inLanguage":"pt-BR","potentialAction":[{"@type":"ReadAction","target":["https:\/\/skytour.com.ar\/pt-br\/painel-de-afiliados\/"]}]},{"@type":"BreadcrumbList","@id":"https:\/\/skytour.com.ar\/pt-br\/painel-de-afiliados\/#breadcrumb","itemListElement":[{"@type":"ListItem","position":1,"name":"Home","item":"https:\/\/skytour.com.ar\/pt-br\/casa\/"},{"@type":"ListItem","position":2,"name":"Painel de Afiliados"}]},{"@type":"WebSite","@id":"https:\/\/skytour.com.ar\/pt-br\/#website","url":"https:\/\/skytour.com.ar\/pt-br\/","name":"Sky Tour - Parapente","description":"Parapente em Mendoza","publisher":{"@id":"https:\/\/skytour.com.ar\/pt-br\/#organization"},"potentialAction":[{"@type":"SearchAction","target":{"@type":"EntryPoint","urlTemplate":"https:\/\/skytour.com.ar\/pt-br\/?s={search_term_string}"},"query-input":{"@type":"PropertyValueSpecification","valueRequired":true,"valueName":"search_term_string"}}],"inLanguage":"pt-BR"},{"@type":"Organization","@id":"https:\/\/skytour.com.ar\/pt-br\/#organization","name":"Sky Tour - Parapente Mendoza","url":"https:\/\/skytour.com.ar\/pt-br\/","logo":{"@type":"ImageObject","inLanguage":"pt-BR","@id":"https:\/\/skytour.com.ar\/pt-br\/#\/schema\/logo\/image\/","url":"https:\/\/skytour.com.ar\/wp-content\/uploads\/2022\/06\/FC-1.jpg","contentUrl":"https:\/\/skytour.com.ar\/wp-content\/uploads\/2022\/06\/FC-1.jpg","width":1389,"height":1389,"caption":"Sky Tour - Parapente Mendoza"},"image":{"@id":"https:\/\/skytour.com.ar\/pt-br\/#\/schema\/logo\/image\/"},"sameAs":["https:\/\/www.facebook.com\/skytour.com.ar","https:\/\/www.instagram.com\/skytour_parapente_mendoza\/"]}]}},"_links":{"self":[{"href":"https:\/\/skytour.com.ar\/pt-br\/wp-json\/wp\/v2\/pages\/7594","targetHints":{"allow":["GET"]}}],"collection":[{"href":"https:\/\/skytour.com.ar\/pt-br\/wp-json\/wp\/v2\/pages"}],"about":[{"href":"https:\/\/skytour.com.ar\/pt-br\/wp-json\/wp\/v2\/types\/page"}],"author":[{"embeddable":true,"href":"https:\/\/skytour.com.ar\/pt-br\/wp-json\/wp\/v2\/users\/1"}],"replies":[{"embeddable":true,"href":"https:\/\/skytour.com.ar\/pt-br\/wp-json\/wp\/v2\/comments?post=7594"}],"version-history":[{"count":1,"href":"https:\/\/skytour.com.ar\/pt-br\/wp-json\/wp\/v2\/pages\/7594\/revisions"}],"predecessor-version":[{"id":7596,"href":"https:\/\/skytour.com.ar\/pt-br\/wp-json\/wp\/v2\/pages\/7594\/revisions\/7596"}],"wp:attachment":[{"href":"https:\/\/skytour.com.ar\/pt-br\/wp-json\/wp\/v2\/media?parent=7594"}],"curies":[{"name":"wp","href":"https:\/\/api.w.org\/{rel}","templated":true}]}}